{"id":29409,"date":"2023-09-15T10:48:41","date_gmt":"2023-09-15T08:48:41","guid":{"rendered":"https:\/\/almina-agora.com\/?page_id=29409"},"modified":"2024-02-28T09:20:42","modified_gmt":"2024-02-28T08:20:42","slug":"evenements","status":"publish","type":"page","link":"https:\/\/almina-agora.com\/sq\/evenements\/","title":{"rendered":"\u00c9v\u00e8nements"},"content":{"rendered":"<div data-elementor-type=\"wp-page\" data-elementor-id=\"29409\" class=\"elementor elementor-29409\" data-elementor-post-type=\"page\">\n\t\t\t\t\t\t<section class=\"elementor-section elementor-top-section elementor-element elementor-element-f4a946c elementor-section-boxed elementor-section-height-default elementor-section-height-default\" data-id=\"f4a946c\" data-element_type=\"section\" data-e-type=\"section\">\n\t\t\t\t\t\t\t<div class=\"elementor-background-overlay\"><\/div>\n\t\t\t\t\t\t\t<div class=\"elementor-container elementor-column-gap-default\">\n\t\t\t\t\t<div class=\"elementor-column elementor-col-100 elementor-top-column elementor-element elementor-element-33e2b64\" data-id=\"33e2b64\" data-element_type=\"column\" data-e-type=\"column\">\n\t\t\t<div class=\"elementor-widget-wrap elementor-element-populated\">\n\t\t\t\t\t\t<div class=\"elementor-element elementor-element-7a528e78 elementor-widget elementor-widget-heading\" data-id=\"7a528e78\" data-element_type=\"widget\" data-e-type=\"widget\" data-widget_type=\"heading.default\">\n\t\t\t\t<div class=\"elementor-widget-container\">\n\t\t\t\t\t<h2 class=\"elementor-heading-title elementor-size-default\">\u00c9v\u00e8nements<\/h2>\t\t\t\t<\/div>\n\t\t\t\t<\/div>\n\t\t\t\t<div class=\"elementor-element elementor-element-3e375b06 elementor-widget elementor-widget-text-editor\" data-id=\"3e375b06\" data-element_type=\"widget\" data-e-type=\"widget\" data-widget_type=\"text-editor.default\">\n\t\t\t\t<div class=\"elementor-widget-container\">\n\t\t\t\t\t\t\t\t\t<p>Almina est une m\u00e9dium exp\u00e9riment\u00e9e qui offre des d\u00e9monstrations publiques de m\u00e9diumnit\u00e9, cr\u00e9ant ainsi un espace o\u00f9 jusqu&rsquo;\u00e0 100 personnes peuvent se r\u00e9unir pour explorer le monde spirituel.&nbsp;<\/p><p>Ces d\u00e9monstrations sont des moments uniques et inspirants, car elles permettent aux participants d&rsquo;assister \u00e0 des communications avec le monde spirituel en direct.<\/p>\t\t\t\t\t\t\t\t<\/div>\n\t\t\t\t<\/div>\n\t\t\t\t\t<\/div>\n\t\t<\/div>\n\t\t\t\t\t<\/div>\n\t\t<\/section>\n\t\t\t\t<section class=\"elementor-section elementor-top-section elementor-element elementor-element-41604b14 elementor-section-height-min-height elementor-section-boxed elementor-section-height-default elementor-section-items-middle\" data-id=\"41604b14\" data-element_type=\"section\" data-e-type=\"section\">\n\t\t\t\t\t\t\t<div class=\"elementor-background-overlay\"><\/div>\n\t\t\t\t\t\t\t<div class=\"elementor-container elementor-column-gap-default\">\n\t\t\t\t\t<div class=\"elementor-column elementor-col-100 elementor-top-column elementor-element elementor-element-44c74642\" data-id=\"44c74642\" data-element_type=\"column\" data-e-type=\"column\">\n\t\t\t<div class=\"elementor-widget-wrap elementor-element-populated\">\n\t\t\t\t\t\t<div class=\"elementor-element elementor-element-51d047a9 elementor-widget elementor-widget-heading\" data-id=\"51d047a9\" data-element_type=\"widget\" data-e-type=\"widget\" data-widget_type=\"heading.default\">\n\t\t\t\t<div class=\"elementor-widget-container\">\n\t\t\t\t\t<h2 class=\"elementor-heading-title elementor-size-default\">Prochaines d\u00e9monstrations\u00a0:\n<\/h2>\t\t\t\t<\/div>\n\t\t\t\t<\/div>\n\t\t\t\t\t<\/div>\n\t\t<\/div>\n\t\t\t\t\t<\/div>\n\t\t<\/section>\n\t\t\t\t<section class=\"elementor-section elementor-top-section elementor-element elementor-element-fc96756 elementor-section-boxed elementor-section-height-default elementor-section-height-default\" data-id=\"fc96756\" data-element_type=\"section\" data-e-type=\"section\">\n\t\t\t\t\t\t<div class=\"elementor-container elementor-column-gap-default\">\n\t\t\t\t\t<div class=\"elementor-column elementor-col-100 elementor-top-column elementor-element elementor-element-4dc46e2\" data-id=\"4dc46e2\" data-element_type=\"column\" data-e-type=\"column\">\n\t\t\t<div class=\"elementor-widget-wrap elementor-element-populated\">\n\t\t\t\t\t\t<div class=\"elementor-element elementor-element-1db46a1 elementor-widget elementor-widget-heading\" data-id=\"1db46a1\" data-element_type=\"widget\" data-e-type=\"widget\" data-widget_type=\"heading.default\">\n\t\t\t\t<div class=\"elementor-widget-container\">\n\t\t\t\t\t<h2 class=\"elementor-heading-title elementor-size-default\">A propos\n<\/h2>\t\t\t\t<\/div>\n\t\t\t\t<\/div>\n\t\t\t\t<div class=\"elementor-element elementor-element-38606a9 elementor-widget elementor-widget-text-editor\" data-id=\"38606a9\" data-element_type=\"widget\" data-e-type=\"widget\" data-widget_type=\"text-editor.default\">\n\t\t\t\t<div class=\"elementor-widget-container\">\n\t\t\t\t\t\t\t\t\t<p>Au cours de ces \u00e9v\u00e9nements, Almina facilite la connexion entre les participants et leurs proches d\u00e9c\u00e9d\u00e9s, guides spirituels ou autres entit\u00e9s bienveillantes. Les messages et les signes qui \u00e9mergent au cours de ces d\u00e9monstrations sont souvent porteurs de r\u00e9confort, de gu\u00e9rison et de guidance pour ceux qui les re\u00e7oivent. Ils apportent un profond sentiment de continuit\u00e9 de la vie apr\u00e8s la mort et soulignent l&rsquo;importance de la spiritualit\u00e9 dans notre existence.<\/p>\n<p>Ces d\u00e9monstrations de m\u00e9diumnit\u00e9 publiques sont non seulement informatives, mais elles cr\u00e9ent \u00e9galement un sentiment de communaut\u00e9 parmi les participants, partageant une exp\u00e9rience spirituelle commune. C&rsquo;est l&rsquo;occasion pour chacun de d\u00e9couvrir le potentiel de la m\u00e9diumnit\u00e9 et d&rsquo;explorer le myst\u00e8re du monde spirituel d&rsquo;une mani\u00e8re ouverte et bienveillante.<\/p>\t\t\t\t\t\t\t\t<\/div>\n\t\t\t\t<\/div>\n\t\t\t\t\t<\/div>\n\t\t<\/div>\n\t\t\t\t\t<\/div>\n\t\t<\/section>\n\t\t\t\t<\/div>","protected":false},"excerpt":{"rendered":"<p>\u00c9v\u00e8nements Almina est une m\u00e9dium exp\u00e9riment\u00e9e qui offre des d\u00e9monstrations publiques de m\u00e9diumnit\u00e9, cr\u00e9ant ainsi un espace o\u00f9 jusqu&rsquo;\u00e0 100 personnes peuvent se r\u00e9unir pour explorer le monde spirituel.&nbsp;Ces d\u00e9monstrations sont des moments uniques et inspirants, car elles permettent aux participants d&rsquo;assister \u00e0 des communications avec le monde spirituel en direct. Prochaines d\u00e9monstrations\u00a0: A propos [&hellip;]<\/p>\n","protected":false},"author":1,"featured_media":0,"parent":0,"menu_order":0,"comment_status":"closed","ping_status":"closed","template":"elementor_header_footer","meta":{"_et_pb_use_builder":"on","_et_pb_old_content":"","_et_gb_content_width":"","footnotes":""},"class_list":["post-29409","page","type-page","status-publish","hentry"],"_links":{"self":[{"href":"https:\/\/almina-agora.com\/sq\/wp-json\/wp\/v2\/pages\/29409","targetHints":{"allow":["GET"]}}],"collection":[{"href":"https:\/\/almina-agora.com\/sq\/wp-json\/wp\/v2\/pages"}],"about":[{"href":"https:\/\/almina-agora.com\/sq\/wp-json\/wp\/v2\/types\/page"}],"author":[{"embeddable":true,"href":"https:\/\/almina-agora.com\/sq\/wp-json\/wp\/v2\/users\/1"}],"replies":[{"embeddable":true,"href":"https:\/\/almina-agora.com\/sq\/wp-json\/wp\/v2\/comments?post=29409"}],"version-history":[{"count":57,"href":"https:\/\/almina-agora.com\/sq\/wp-json\/wp\/v2\/pages\/29409\/revisions"}],"predecessor-version":[{"id":29889,"href":"https:\/\/almina-agora.com\/sq\/wp-json\/wp\/v2\/pages\/29409\/revisions\/29889"}],"wp:attachment":[{"href":"https:\/\/almina-agora.com\/sq\/wp-json\/wp\/v2\/media?parent=29409"}],"curies":[{"name":"wp","href":"https:\/\/api.w.org\/{rel}","templated":true}]}}