{"id":29339,"date":"2023-10-11T11:01:23","date_gmt":"2023-10-11T09:01:23","guid":{"rendered":"https:\/\/almina-agora.com\/?page_id=29339"},"modified":"2023-10-11T11:13:15","modified_gmt":"2023-10-11T09:13:15","slug":"presse-et-temoignages","status":"publish","type":"page","link":"https:\/\/almina-agora.com\/en\/presse-et-temoignages\/","title":{"rendered":"Press and testimonials"},"content":{"rendered":"<div data-elementor-type=\"wp-page\" data-elementor-id=\"29339\" class=\"elementor elementor-29339\" data-elementor-post-type=\"page\">\n\t\t\t\t\t\t<section class=\"elementor-section elementor-top-section elementor-element elementor-element-add0640 elementor-section-height-min-height elementor-reverse-mobile elementor-section-boxed elementor-section-height-default elementor-section-items-middle\" data-id=\"add0640\" data-element_type=\"section\" data-e-type=\"section\">\n\t\t\t\t\t\t\t<div class=\"elementor-background-overlay\"><\/div>\n\t\t\t\t\t\t\t<div class=\"elementor-container elementor-column-gap-default\">\n\t\t\t\t\t<div class=\"elementor-column elementor-col-100 elementor-top-column elementor-element elementor-element-bcff464\" data-id=\"bcff464\" data-element_type=\"column\" data-e-type=\"column\">\n\t\t\t<div class=\"elementor-widget-wrap elementor-element-populated\">\n\t\t\t\t\t\t<div class=\"elementor-element elementor-element-08df4ff elementor-widget elementor-widget-heading\" data-id=\"08df4ff\" data-element_type=\"widget\" data-e-type=\"widget\" data-widget_type=\"heading.default\">\n\t\t\t\t<div class=\"elementor-widget-container\">\n\t\t\t\t\t<h2 class=\"elementor-heading-title elementor-size-default\">Press and testimonials<\/h2>\t\t\t\t<\/div>\n\t\t\t\t<\/div>\n\t\t\t\t\t<\/div>\n\t\t<\/div>\n\t\t\t\t\t<\/div>\n\t\t<\/section>\n\t\t\t\t<section class=\"elementor-section elementor-top-section elementor-element elementor-element-76501fa elementor-section-boxed elementor-section-height-default elementor-section-height-default\" data-id=\"76501fa\" data-element_type=\"section\" data-e-type=\"section\" data-settings=\"{&quot;background_background&quot;:&quot;classic&quot;}\">\n\t\t\t\t\t\t<div class=\"elementor-container elementor-column-gap-default\">\n\t\t\t\t\t<div class=\"elementor-column elementor-col-100 elementor-top-column elementor-element elementor-element-ed8adc7\" data-id=\"ed8adc7\" data-element_type=\"column\" data-e-type=\"column\">\n\t\t\t<div class=\"elementor-widget-wrap elementor-element-populated\">\n\t\t\t\t\t\t<div class=\"elementor-element elementor-element-e30cab8 elementor-widget elementor-widget-heading\" data-id=\"e30cab8\" data-element_type=\"widget\" data-e-type=\"widget\" data-widget_type=\"heading.default\">\n\t\t\t\t<div class=\"elementor-widget-container\">\n\t\t\t\t\t<h2 class=\"elementor-heading-title elementor-size-default\">Almina in the media<\/h2>\t\t\t\t<\/div>\n\t\t\t\t<\/div>\n\t\t\t\t<div class=\"elementor-element elementor-element-5cd4565 elementor-widget elementor-widget-elementskit-testimonial\" data-id=\"5cd4565\" data-element_type=\"widget\" data-e-type=\"widget\" data-widget_type=\"elementskit-testimonial.default\">\n\t\t\t\t<div class=\"elementor-widget-container\">\n\t\t\t\t\t<div class=\"ekit-wid-con\" ><div class=\"elementskit-testimonial-slider arrow_inside\" data-config=\"{&quot;rtl&quot;:false,&quot;arrows&quot;:false,&quot;dots&quot;:false,&quot;pauseOnHover&quot;:true,&quot;autoplay&quot;:true,&quot;speed&quot;:1000,&quot;slidesPerGroup&quot;:2,&quot;slidesPerView&quot;:3,&quot;loop&quot;:false,&quot;spaceBetween&quot;:21,&quot;breakpoints&quot;:{&quot;320&quot;:{&quot;slidesPerView&quot;:1,&quot;slidesPerGroup&quot;:1,&quot;spaceBetween&quot;:10},&quot;768&quot;:{&quot;slidesPerView&quot;:2,&quot;slidesPerGroup&quot;:1,&quot;spaceBetween&quot;:10},&quot;1024&quot;:{&quot;slidesPerView&quot;:3,&quot;slidesPerGroup&quot;:2,&quot;spaceBetween&quot;:21}}}\">\n\t<div class=\"ekit-main-swiper swiper\">\n\t\t<div class=\"swiper-wrapper\">\n\t\t\t\t\t\t<div class=\"swiper-slide\">\n\t\t\t\t<div class=\"swiper-slide-inner\">\n\t\t\t\t\t<a class=\"elementskit-testimonial-inner\" href=\"https:\/\/almina-agora.com\/en\/?elementor_library=illustre\">\n\t\t\t\t\t\t<div class=\"elementskit-single-testimonial-slider  ekit_testimonial_style_2\">\n\t\t\t\t\t\t\t<div class=\"elementskit-commentor-content\">\n\t\t\t\t\t\t\t\t\t\t\t\t\t\t\t\t\t<div class=\"elementskit-client_logo\">\n\t\t\t\t\t\t\t\t\t\t\t\t\t\t\t\t\t\t\t\t<img fetchpriority=\"high\" decoding=\"async\" width=\"600\" height=\"187\" src=\"https:\/\/almina-agora.com\/wp-content\/uploads\/2023\/09\/0cdd861d80312d0a4a95c0a05d25f065.png\" class=\"elementskit-testimonial-client-logo\" alt=\"\" srcset=\"https:\/\/almina-agora.com\/wp-content\/uploads\/2023\/09\/0cdd861d80312d0a4a95c0a05d25f065.png 600w, https:\/\/almina-agora.com\/wp-content\/uploads\/2023\/09\/0cdd861d80312d0a4a95c0a05d25f065-480x150.png 480w\" sizes=\"(min-width: 0px) and (max-width: 480px) 480px, (min-width: 481px) 600px, 100vw\" \/>\t\t\t\t\t\t\t\t\t<\/div>\n\t\t\t\t\t\t\t\t\t\t\t\t\t\t\t\t\t<p>Almina was recommended by the Illustr\u00e9 for her exceptional clairvoyant gifts.<\/p>\n\t\t\t\t\t\t\t\t\t\t\t\t\t\t\t\t\t\t\t\t\t\t\t\t\t<span class=\"elementskit-border-hr\"><\/span>\n\t\t\t\t\t\t\t\t\t\t\t\t\t\t\t\t<span class=\"elementskit-profile-info\">\n\t\t\t\t\t\t\t\t\t<strong class=\"elementskit-author-name\">Publication in the Illustr\u00e9 March 2014 - Voyance: how to find your way around<\/strong>\n\t\t\t\t\t\t\t\t\t<span class=\"elementskit-author-des\"><\/span>\n\t\t\t\t\t\t\t\t<\/span>\n\t\t\t\t\t\t\t<\/div>\n\t\t\t\t\t\t\t\t\t\t\t\t\t\t\t<div class=\"elementskit-watermark-icon\">\n\t\t\t\t\t\t\t\t\t\t\t\t\t\t\t\t\t<\/div>\n\t\t\t\t\t\t\t\t\t\t\t\t\t<\/div>\n\t\t\t\t\t<\/a>\n\t\t\t\t<\/div>\n\t\t\t<\/div>\n\t\t\t\t\t\t<div class=\"swiper-slide\">\n\t\t\t\t<div class=\"swiper-slide-inner\">\n\t\t\t\t\t<a class=\"elementskit-testimonial-inner\" href=\"https:\/\/almina-agora.com\/wp-content\/uploads\/2023\/09\/Capture-decran-2023-09-13-143122.jpg\">\n\t\t\t\t\t\t<div class=\"elementskit-single-testimonial-slider  ekit_testimonial_style_2\">\n\t\t\t\t\t\t\t<div class=\"elementskit-commentor-content\">\n\t\t\t\t\t\t\t\t\t\t\t\t\t\t\t\t\t<div class=\"elementskit-client_logo\">\n\t\t\t\t\t\t\t\t\t\t\t\t\t\t\t\t\t\t\t\t<img decoding=\"async\" width=\"746\" height=\"463\" src=\"https:\/\/almina-agora.com\/wp-content\/uploads\/2023\/09\/Grande-demonstration.jpg\" class=\"elementskit-testimonial-client-logo\" alt=\"Grande d\u00e9monstration\" srcset=\"https:\/\/almina-agora.com\/wp-content\/uploads\/2023\/09\/Grande-demonstration.jpg 746w, https:\/\/almina-agora.com\/wp-content\/uploads\/2023\/09\/Grande-demonstration-480x298.jpg 480w\" sizes=\"(min-width: 0px) and (max-width: 480px) 480px, (min-width: 481px) 746px, 100vw\" \/>\t\t\t\t\t\t\t\t\t<\/div>\n\t\t\t\t\t\t\t\t\t\t\t\t\t\t\t\t\t\t\t\t\t\t\t\t\t<span class=\"elementskit-border-hr\"><\/span>\n\t\t\t\t\t\t\t\t\t\t\t\t\t\t\t\t<span class=\"elementskit-profile-info\">\n\t\t\t\t\t\t\t\t\t<strong class=\"elementskit-author-name\">Great Psychic Demonstration with Gordon Smith<\/strong>\n\t\t\t\t\t\t\t\t\t<span class=\"elementskit-author-des\"><\/span>\n\t\t\t\t\t\t\t\t<\/span>\n\t\t\t\t\t\t\t<\/div>\n\t\t\t\t\t\t\t\t\t\t\t\t\t\t\t<div class=\"elementskit-watermark-icon\">\n\t\t\t\t\t\t\t\t\t\t\t\t\t\t\t\t\t<\/div>\n\t\t\t\t\t\t\t\t\t\t\t\t\t<\/div>\n\t\t\t\t\t<\/a>\n\t\t\t\t<\/div>\n\t\t\t<\/div>\n\t\t\t\t\t\t<div class=\"swiper-slide\">\n\t\t\t\t<div class=\"swiper-slide-inner\">\n\t\t\t\t\t<a class=\"elementskit-testimonial-inner\" href=\"https:\/\/almina-agora.com\/en\/?post_type=elementor_library&#038;p=29611\">\n\t\t\t\t\t\t<div class=\"elementskit-single-testimonial-slider  ekit_testimonial_style_2\">\n\t\t\t\t\t\t\t<div class=\"elementskit-commentor-content\">\n\t\t\t\t\t\t\t\t\t\t\t\t\t\t\t\t\t<div class=\"elementskit-client_logo\">\n\t\t\t\t\t\t\t\t\t\t\t\t\t\t\t\t\t\t\t\t<img decoding=\"async\" width=\"577\" height=\"210\" src=\"https:\/\/almina-agora.com\/wp-content\/uploads\/2023\/09\/open-logo1-f2.webp\" class=\"elementskit-testimonial-client-logo\" alt=\"\" srcset=\"https:\/\/almina-agora.com\/wp-content\/uploads\/2023\/09\/open-logo1-f2.webp 577w, https:\/\/almina-agora.com\/wp-content\/uploads\/2023\/09\/open-logo1-f2-480x175.webp 480w\" sizes=\"(min-width: 0px) and (max-width: 480px) 480px, (min-width: 481px) 577px, 100vw\" \/>\t\t\t\t\t\t\t\t\t<\/div>\n\t\t\t\t\t\t\t\t\t\t\t\t\t\t\t\t\t<p>Almina was recommended by the Illustr\u00e9 for her exceptional clairvoyant gifts.<\/p>\n\t\t\t\t\t\t\t\t\t\t\t\t\t\t\t\t\t\t\t\t\t\t\t\t\t<span class=\"elementskit-border-hr\"><\/span>\n\t\t\t\t\t\t\t\t\t\t\t\t\t\t\t\t<span class=\"elementskit-profile-info\">\n\t\t\t\t\t\t\t\t\t<strong class=\"elementskit-author-name\">Published in the Open Magazine in 2012<\/strong>\n\t\t\t\t\t\t\t\t\t<span class=\"elementskit-author-des\"><\/span>\n\t\t\t\t\t\t\t\t<\/span>\n\t\t\t\t\t\t\t<\/div>\n\t\t\t\t\t\t\t\t\t\t\t\t\t\t\t<div class=\"elementskit-watermark-icon\">\n\t\t\t\t\t\t\t\t\t\t\t\t\t\t\t\t\t<\/div>\n\t\t\t\t\t\t\t\t\t\t\t\t\t<\/div>\n\t\t\t\t\t<\/a>\n\t\t\t\t<\/div>\n\t\t\t<\/div>\n\t\t\t\t\t<\/div>\n\n\t\t\n\t\t\t<\/div>\n<\/div>\n<\/div>\t\t\t\t<\/div>\n\t\t\t\t<\/div>\n\t\t\t\t\t<\/div>\n\t\t<\/div>\n\t\t\t\t\t<\/div>\n\t\t<\/section>\n\t\t\t\t<section class=\"elementor-section elementor-top-section elementor-element elementor-element-5b50f4f elementor-section-boxed elementor-section-height-default elementor-section-height-default\" data-id=\"5b50f4f\" data-element_type=\"section\" data-e-type=\"section\">\n\t\t\t\t\t\t<div class=\"elementor-container elementor-column-gap-default\">\n\t\t\t\t\t<div class=\"elementor-column elementor-col-100 elementor-top-column elementor-element elementor-element-e640dfb\" data-id=\"e640dfb\" data-element_type=\"column\" data-e-type=\"column\">\n\t\t\t<div class=\"elementor-widget-wrap elementor-element-populated\">\n\t\t\t\t\t\t<div class=\"elementor-element elementor-element-a8868a1 elementor-widget elementor-widget-heading\" data-id=\"a8868a1\" data-element_type=\"widget\" data-e-type=\"widget\" data-widget_type=\"heading.default\">\n\t\t\t\t<div class=\"elementor-widget-container\">\n\t\t\t\t\t<h2 class=\"elementor-heading-title elementor-size-default\">Testimonials from clients<\/h2>\t\t\t\t<\/div>\n\t\t\t\t<\/div>\n\t\t\t\t<div class=\"elementor-element elementor-element-c38027b elementor--star-style-star_unicode elementor-pagination-type-bullets elementor-widget elementor-widget-reviews\" data-id=\"c38027b\" data-element_type=\"widget\" data-e-type=\"widget\" data-settings=\"{&quot;slides_per_view&quot;:&quot;1&quot;,&quot;lazyload&quot;:&quot;yes&quot;,&quot;space_between&quot;:{&quot;unit&quot;:&quot;px&quot;,&quot;size&quot;:22,&quot;sizes&quot;:[]},&quot;pagination&quot;:&quot;bullets&quot;,&quot;speed&quot;:500,&quot;autoplay&quot;:&quot;yes&quot;,&quot;autoplay_speed&quot;:5000,&quot;loop&quot;:&quot;yes&quot;,&quot;pause_on_hover&quot;:&quot;yes&quot;,&quot;pause_on_interaction&quot;:&quot;yes&quot;,&quot;space_between_tablet&quot;:{&quot;unit&quot;:&quot;px&quot;,&quot;size&quot;:10,&quot;sizes&quot;:[]},&quot;space_between_mobile&quot;:{&quot;unit&quot;:&quot;px&quot;,&quot;size&quot;:10,&quot;sizes&quot;:[]}}\" data-widget_type=\"reviews.default\">\n\t\t\t\t<div class=\"elementor-widget-container\">\n\t\t\t\t\t\t\t\t\t<div class=\"elementor-swiper\">\n\t\t\t\t\t<div class=\"elementor-main-swiper swiper\" role=\"region\" aria-roledescription=\"carousel\" aria-label=\"Slides\">\n\t\t\t\t<div class=\"swiper-wrapper\">\n\t\t\t\t\t\t\t\t\t\t\t<div class=\"swiper-slide\" role=\"group\" aria-roledescription=\"slide\">\n\t\t\t\t\t\t\t\t\t<div class=\"elementor-testimonial elementor-repeater-item-51a3a50\">\n\t\t\t\t\t\t\t<div class=\"elementor-testimonial__header\">\n\t\t\t\t\t\t\t\t\t\t<cite class=\"elementor-testimonial__cite\"><span class=\"elementor-testimonial__name\">Jess<\/span><div class=\"elementor-star-rating\"><i class=\"elementor-star-full\">&#9734;<\/i><i class=\"elementor-star-full\">&#9734;<\/i><i class=\"elementor-star-full\">&#9734;<\/i><i class=\"elementor-star-full\">&#9734;<\/i><i class=\"elementor-star-full\">&#9734;<\/i><\/div><span class=\"elementor-testimonial__title\">Geneva, Switzerland<\/span><\/cite>\t\t\t\t\t<div class=\"elementor-testimonial__icon elementor-icon elementor-icon-\" aria-label=\"Read More\" data-no-translation-aria-label=\"\"><\/div>\t\t\t\t<\/div>\n\t\t\t\t\t\t\t\t\t\t<div class=\"elementor-testimonial__content\">\n\t\t\t\t\t<div class=\"elementor-testimonial__text\">\n\t\t\t\t\t\tI would really recommend this experience to anyone in need of comfort in times of grief, or simply to those curious to know more. It really helped me understand that life doesn't stop, but goes on in another form.         <div class=\"rmwr-wrapper\" \n             data-id=\"rmwr-69e49d29b6a47\"\n             data-mode=\"normal\"\n             data-animation=\"fade\"\n             data-duration=\"300\"\n             data-smooth-scroll=\"true\"\n             data-scroll-offset=\"0\">\n            <button \n                type=\"button\"\n                class=\"read-link\" \n                id=\"readlinkrmwr-69e49d29b6a47\"\n                data-open-text=\"Voir plus\"\n                data-close-text=\"Voir plus\"\n                aria-expanded=\"false\"\n                aria-controls=\"readrmwr-69e49d29b6a47\"\n                aria-label=\"See more\"\n            >\n                <span class=\"rmwr-text\">See more<\/span>\n            <\/button>\n            <div \n                class=\"read_div\" \n                id=\"readrmwr-69e49d29b6a47\"\n                aria-hidden=\"true\"\n                data-animation=\"fade\"\n                data-duration=\"300\"\n                style=\"display: none;\"\n            >\n                 and that our loved ones are closer than we think. What's more, Almina is a sensitive, empathetic and positive person who knows how to put people at ease. As for the mediumship circles, these courses are enriching and interesting moments of sharing and discovery, in a warm and friendly atmosphere.\nin a pleasant, relaxed atmosphere.\nrelaxed atmosphere.             <\/div>\n        <\/div>\n        \t\t\t\t\t<\/div>\n\t\t\t\t<\/div>\n\t\t\t\t\t<\/div>\n\t\t\t\t\t\t\t\t<\/div>\n\t\t\t\t\t\t\t\t\t\t\t<div class=\"swiper-slide\" role=\"group\" aria-roledescription=\"slide\">\n\t\t\t\t\t\t\t\t\t<div class=\"elementor-testimonial elementor-repeater-item-9fc4a37\">\n\t\t\t\t\t\t\t<div class=\"elementor-testimonial__header\">\n\t\t\t\t\t\t\t\t\t\t<cite class=\"elementor-testimonial__cite\"><span class=\"elementor-testimonial__name\">Elena<\/span><div class=\"elementor-star-rating\"><i class=\"elementor-star-full\">&#9734;<\/i><i class=\"elementor-star-full\">&#9734;<\/i><i class=\"elementor-star-full\">&#9734;<\/i><i class=\"elementor-star-full\">&#9734;<\/i><i class=\"elementor-star-full\">&#9734;<\/i><\/div><span class=\"elementor-testimonial__title\">Geneva, Switzerland<\/span><\/cite>\t\t\t\t\t<div class=\"elementor-testimonial__icon elementor-icon elementor-icon-\" aria-label=\"Read More\" data-no-translation-aria-label=\"\"><\/div>\t\t\t\t<\/div>\n\t\t\t\t\t\t\t\t\t\t<div class=\"elementor-testimonial__content\">\n\t\t\t\t\t<div class=\"elementor-testimonial__text\">\n\t\t\t\t\t\tMeeting Almina a few years ago was a turning point in my mediumship! She gave me the perfect guidance, professional and caring, with very concrete messages from the spiritual world. It's always a pleasure to follow her courses.\t\t\t\t\t<\/div>\n\t\t\t\t<\/div>\n\t\t\t\t\t<\/div>\n\t\t\t\t\t\t\t\t<\/div>\n\t\t\t\t\t\t\t\t\t\t\t<div class=\"swiper-slide\" role=\"group\" aria-roledescription=\"slide\">\n\t\t\t\t\t\t\t\t\t<div class=\"elementor-testimonial elementor-repeater-item-558450e\">\n\t\t\t\t\t\t\t<div class=\"elementor-testimonial__header\">\n\t\t\t\t\t\t\t\t\t\t<cite class=\"elementor-testimonial__cite\"><span class=\"elementor-testimonial__name\">Michelle<\/span><div class=\"elementor-star-rating\"><i class=\"elementor-star-full\">&#9734;<\/i><i class=\"elementor-star-full\">&#9734;<\/i><i class=\"elementor-star-full\">&#9734;<\/i><i class=\"elementor-star-full\">&#9734;<\/i><i class=\"elementor-star-full\">&#9734;<\/i><\/div><span class=\"elementor-testimonial__title\">Geneva, Switzerland<\/span><\/cite>\t\t\t\t\t<div class=\"elementor-testimonial__icon elementor-icon elementor-icon-\" aria-label=\"Read More\" data-no-translation-aria-label=\"\"><\/div>\t\t\t\t<\/div>\n\t\t\t\t\t\t\t\t\t\t<div class=\"elementor-testimonial__content\">\n\t\t\t\t\t<div class=\"elementor-testimonial__text\">\n\t\t\t\t\t\tIf you find yourself at a loss as to which path to take in your life, or if you have the unpleasant feeling of being at a dead end, I strongly suggest that you make an appointment with Almina! Almina is an experienced medium who has been practicing mediumship for many years.         <div class=\"rmwr-wrapper\" \n             data-id=\"rmwr-69e49d29b7916\"\n             data-mode=\"normal\"\n             data-animation=\"fade\"\n             data-duration=\"300\"\n             data-smooth-scroll=\"true\"\n             data-scroll-offset=\"0\">\n            <button \n                type=\"button\"\n                class=\"read-link\" \n                id=\"readlinkrmwr-69e49d29b7916\"\n                data-open-text=\"Voir plus\"\n                data-close-text=\"Voir plus\"\n                aria-expanded=\"false\"\n                aria-controls=\"readrmwr-69e49d29b7916\"\n                aria-label=\"See more\"\n            >\n                <span class=\"rmwr-text\">See more<\/span>\n            <\/button>\n            <div \n                class=\"read_div\" \n                id=\"readrmwr-69e49d29b7916\"\n                aria-hidden=\"true\"\n                data-animation=\"fade\"\n                data-duration=\"300\"\n                style=\"display: none;\"\n            >\n                 Toujours positive et empathique. C'est une belle personne ou si vous pr\u00e9f\u00e9rez une belle \u00e2me, l'un n'emp\u00eache pas l'autre soit dit en passant... Elle vous scanne de son regard profond, elle ne vous &lt;&gt; pas de mensonges pour vous faire plaisir. Je ne peux que vous la conseiller.            <\/div>\n        <\/div>\n        \t\t\t\t\t<\/div>\n\t\t\t\t<\/div>\n\t\t\t\t\t<\/div>\n\t\t\t\t\t\t\t\t<\/div>\n\t\t\t\t\t\t\t\t\t\t\t<div class=\"swiper-slide\" role=\"group\" aria-roledescription=\"slide\">\n\t\t\t\t\t\t\t\t\t<div class=\"elementor-testimonial elementor-repeater-item-a17000c\">\n\t\t\t\t\t\t\t<div class=\"elementor-testimonial__header\">\n\t\t\t\t\t\t\t\t\t\t<cite class=\"elementor-testimonial__cite\"><span class=\"elementor-testimonial__name\">Ana<\/span><div class=\"elementor-star-rating\"><i class=\"elementor-star-full\">&#9734;<\/i><i class=\"elementor-star-full\">&#9734;<\/i><i class=\"elementor-star-full\">&#9734;<\/i><i class=\"elementor-star-full\">&#9734;<\/i><i class=\"elementor-star-full\">&#9734;<\/i><\/div><span class=\"elementor-testimonial__title\">London, UK<\/span><\/cite>\t\t\t\t\t<div class=\"elementor-testimonial__icon elementor-icon elementor-icon-\" aria-label=\"Read More\" data-no-translation-aria-label=\"\"><\/div>\t\t\t\t<\/div>\n\t\t\t\t\t\t\t\t\t\t<div class=\"elementor-testimonial__content\">\n\t\t\t\t\t<div class=\"elementor-testimonial__text\">\n\t\t\t\t\t\tAlmina is one of those rare people who naturally creates a safe and trusting environment when you come to her for advice, guidance or answers.\nShe's caring and fun, but she's also a very gifted psychic.         <div class=\"rmwr-wrapper\" \n             data-id=\"rmwr-69e49d29b796e\"\n             data-mode=\"normal\"\n             data-animation=\"fade\"\n             data-duration=\"300\"\n             data-smooth-scroll=\"true\"\n             data-scroll-offset=\"0\">\n            <button \n                type=\"button\"\n                class=\"read-link\" \n                id=\"readlinkrmwr-69e49d29b796e\"\n                data-open-text=\"Voir plus\"\n                data-close-text=\"Voir plus\"\n                aria-expanded=\"false\"\n                aria-controls=\"readrmwr-69e49d29b796e\"\n                aria-label=\"See more\"\n            >\n                <span class=\"rmwr-text\">See more<\/span>\n            <\/button>\n            <div \n                class=\"read_div\" \n                id=\"readrmwr-69e49d29b796e\"\n                aria-hidden=\"true\"\n                data-animation=\"fade\"\n                data-duration=\"300\"\n                style=\"display: none;\"\n            >\n                The things she said to me were very precise and accurate, and some resonated in my mind months after the consultation, and suddenly the puzzle was falling into place. I'm very grateful to have had the opportunity to be guided by her.             <\/div>\n        <\/div>\n        \t\t\t\t\t<\/div>\n\t\t\t\t<\/div>\n\t\t\t\t\t<\/div>\n\t\t\t\t\t\t\t\t<\/div>\n\t\t\t\t\t\t\t\t\t\t\t<div class=\"swiper-slide\" role=\"group\" aria-roledescription=\"slide\">\n\t\t\t\t\t\t\t\t\t<div class=\"elementor-testimonial elementor-repeater-item-430ed9a\">\n\t\t\t\t\t\t\t<div class=\"elementor-testimonial__header\">\n\t\t\t\t\t\t\t\t\t\t<cite class=\"elementor-testimonial__cite\"><span class=\"elementor-testimonial__name\">H. A.<\/span><div class=\"elementor-star-rating\"><i class=\"elementor-star-full\">&#9734;<\/i><i class=\"elementor-star-full\">&#9734;<\/i><i class=\"elementor-star-full\">&#9734;<\/i><i class=\"elementor-star-full\">&#9734;<\/i><i class=\"elementor-star-full\">&#9734;<\/i><\/div><span class=\"elementor-testimonial__title\">London, UK<\/span><\/cite>\t\t\t\t\t<div class=\"elementor-testimonial__icon elementor-icon elementor-icon-\" aria-label=\"Read More\" data-no-translation-aria-label=\"\"><\/div>\t\t\t\t<\/div>\n\t\t\t\t\t\t\t\t\t\t<div class=\"elementor-testimonial__content\">\n\t\t\t\t\t<div class=\"elementor-testimonial__text\">\n\t\t\t\t\t\tIf you're thinking of making an appointment with Almina, you absolutely should! You won't regret it - on the contrary, she's the best! This was my first time consulting someone for a reading and I was impressed by Almina's positive energy right from the start.         <div class=\"rmwr-wrapper\" \n             data-id=\"rmwr-69e49d29b79bc\"\n             data-mode=\"normal\"\n             data-animation=\"fade\"\n             data-duration=\"300\"\n             data-smooth-scroll=\"true\"\n             data-scroll-offset=\"0\">\n            <button \n                type=\"button\"\n                class=\"read-link\" \n                id=\"readlinkrmwr-69e49d29b79bc\"\n                data-open-text=\"Voir plus\"\n                data-close-text=\"Voir plus\"\n                aria-expanded=\"false\"\n                aria-controls=\"readrmwr-69e49d29b79bc\"\n                aria-label=\"See more\"\n            >\n                <span class=\"rmwr-text\">See more<\/span>\n            <\/button>\n            <div \n                class=\"read_div\" \n                id=\"readrmwr-69e49d29b79bc\"\n                aria-hidden=\"true\"\n                data-animation=\"fade\"\n                data-duration=\"300\"\n                style=\"display: none;\"\n            >\n                 Je pense que je cherchais aussi \u00e0 savoir si ce type de travail \u00e9tait r\u00e9el (j'esp\u00e9rais qu'il le soit et je n'ai pas \u00e9t\u00e9 d\u00e9\u00e7ue).\nJ'ai \u00e0 peine partag\u00e9 quelque chose et elle s'est instantan\u00e9ment mise \u00e0 l'\u00e9coute de l'\u00e9nergie et m'a r\u00e9v\u00e9l\u00e9 des informations et des id\u00e9es qui se sont av\u00e9r\u00e9es inestimables. Pour \u00eatre honn\u00eate, j'ai \u00e9t\u00e9 compl\u00e8tement \u00e9poustoufl\u00e9e par l'exactitude de ces informations. Depuis, je l'ai vue trois fois et je l'ai recommand\u00e9e \u00e0 tous mes proches qui souhaitaient en savoir plus sur leur chemin de vie. \u00c0 chaque visite, je repars toujours plus l\u00e9g\u00e8re et dot\u00e9e d'une perspective nouvelle et \u00e9quilibr\u00e9e. Merci encore, Almina !             <\/div>\n        <\/div>\n        \t\t\t\t\t<\/div>\n\t\t\t\t<\/div>\n\t\t\t\t\t<\/div>\n\t\t\t\t\t\t\t\t<\/div>\n\t\t\t\t\t\t\t\t\t<\/div>\n\t\t\t\t\t\t\t\t\t\t\t\t\t\t\t\t\t\t\t\t<div class=\"swiper-pagination\"><\/div>\n\t\t\t\t\t\t\t\t\t\t\t\t<\/div>\n\t\t\t\t<\/div>\n\t\t\t\t\t\t\t\t<\/div>\n\t\t\t\t<\/div>\n\t\t\t\t\t<\/div>\n\t\t<\/div>\n\t\t\t\t\t<\/div>\n\t\t<\/section>\n\t\t\t\t<\/div>","protected":false},"excerpt":{"rendered":"<p>Presse et t\u00e9moignages Almina dans les m\u00e9dias Almina a \u00e9t\u00e9 recommand\u00e9e par l&rsquo;Illustr\u00e9 pour ses dons exceptionnels de voyance. Parution dans l\u2019illustr\u00e9 mars 2014 \u2013 Voyance\u00a0: comment s\u2019y retrouver Grande demonstration M\u00e9diums avec Gordon Smith Almina a \u00e9t\u00e9 recommand\u00e9e par l&rsquo;Illustr\u00e9 pour ses dons exceptionnels de voyance. Parution dans l&#039;Open Magazine en 2012 T\u00e9moignages clients [&hellip;]<\/p>\n","protected":false},"author":1,"featured_media":0,"parent":0,"menu_order":0,"comment_status":"closed","ping_status":"closed","template":"","meta":{"_et_pb_use_builder":"on","_et_pb_old_content":"","_et_gb_content_width":"","footnotes":""},"class_list":["post-29339","page","type-page","status-publish","hentry"],"_links":{"self":[{"href":"https:\/\/almina-agora.com\/en\/wp-json\/wp\/v2\/pages\/29339","targetHints":{"allow":["GET"]}}],"collection":[{"href":"https:\/\/almina-agora.com\/en\/wp-json\/wp\/v2\/pages"}],"about":[{"href":"https:\/\/almina-agora.com\/en\/wp-json\/wp\/v2\/types\/page"}],"author":[{"embeddable":true,"href":"https:\/\/almina-agora.com\/en\/wp-json\/wp\/v2\/users\/1"}],"replies":[{"embeddable":true,"href":"https:\/\/almina-agora.com\/en\/wp-json\/wp\/v2\/comments?post=29339"}],"version-history":[{"count":16,"href":"https:\/\/almina-agora.com\/en\/wp-json\/wp\/v2\/pages\/29339\/revisions"}],"predecessor-version":[{"id":29634,"href":"https:\/\/almina-agora.com\/en\/wp-json\/wp\/v2\/pages\/29339\/revisions\/29634"}],"wp:attachment":[{"href":"https:\/\/almina-agora.com\/en\/wp-json\/wp\/v2\/media?parent=29339"}],"curies":[{"name":"wp","href":"https:\/\/api.w.org\/{rel}","templated":true}]}}